{"id":496,"date":"2023-06-13T10:03:45","date_gmt":"2023-06-13T10:03:45","guid":{"rendered":"https:\/\/palmierilex.com\/aviso-legal\/"},"modified":"2023-06-13T10:03:45","modified_gmt":"2023-06-13T10:03:45","slug":"aviso-legal","status":"publish","type":"page","link":"https:\/\/palmierilex.com\/it\/aviso-legal\/","title":{"rendered":"Aviso legal"},"content":{"rendered":"\t\t<div data-elementor-type=\"wp-page\" data-elementor-id=\"496\" class=\"elementor elementor-496 elementor-26\" data-elementor-post-type=\"page\">\n\t\t\t\t\t\t<section class=\"elementor-section elementor-top-section elementor-element elementor-element-291084ca elementor-section-boxed elementor-section-height-default elementor-section-height-default\" data-id=\"291084ca\" data-element_type=\"section\">\n\t\t\t\t\t\t<div class=\"elementor-container elementor-column-gap-default\">\n\t\t\t\t\t<div class=\"elementor-column elementor-col-100 elementor-top-column elementor-element elementor-element-10ef7d49\" data-id=\"10ef7d49\" data-element_type=\"column\">\n\t\t\t<div class=\"elementor-widget-wrap elementor-element-populated\">\n\t\t\t\t\t\t<div class=\"elementor-element elementor-element-5c7c625 elementor-widget elementor-widget-heading\" data-id=\"5c7c625\" data-element_type=\"widget\" data-widget_type=\"heading.default\">\n\t\t\t\t\t<h2 class=\"elementor-heading-title elementor-size-default\">Aviso legal<\/h2>\t\t\t\t<\/div>\n\t\t\t\t<div class=\"elementor-element elementor-element-11227d00 elementor-widget elementor-widget-text-editor\" data-id=\"11227d00\" data-element_type=\"widget\" data-widget_type=\"text-editor.default\">\n\t\t\t\t\t\t\t\t\t\n<p class=\"p1\"><b>Identificaci\u00f3n y Titularidad<\/b><\/p>\n<p class=\"p1\">En cumplimiento del art\u00edculo 10 de la Ley 34 \/ 2002, de 11 de julio, de Servicios de la Sociedad de la Informaci\u00f3n y Comercio Electr\u00f3nico, el Titular expone sus datos identificativos.<\/p>\n<p class=\"p1\"><b>Titular: <\/b>Palmieri studio lex<\/p>\n<p class=\"p1\"><b>CIF: <\/b> B64422405<\/p>\n<p class=\"p1\"><b>Domicilio:<span class=\"Apple-converted-space\">\u00a0 <\/span><\/b>RAMBLA CATALUNYA, 66, 7 B, 08007 BARCELONA<\/p>\n<p class=\"p1\"><b>Correo electr\u00f3nico: <\/b>mpalmieri@palmierilex.com<\/p>\n<p class=\"p2\"><span class=\"s1\"><b>Sitio Web URL: <\/b><a href=\"http:\/\/palmierilex.com\/\"><span class=\"s2\">http:\/\/palmierilex.com\/<\/span><\/a><\/span><\/p>\n<p class=\"p3\"><b>Condiciones de uso:<\/b><\/p>\n<p class=\"p1\">Al utilizar este sitio web, usted adquiere la condici\u00f3n de Usuario y acepta plenamente todas las cl\u00e1usulas y condiciones de uso que se encuentran en las siguientes p\u00e1ginas:<\/p>\n<ul class=\"ul1\">\n<li class=\"li1\">Aviso Legal<\/li>\n<li class=\"li1\">Pol\u00edtica de Privacidad<\/li>\n<li class=\"li1\">Pol\u00edtica de Cookies<\/li>\n<\/ul>\n<p class=\"p1\">Si no est\u00e1 de acuerdo con alguna de estas cl\u00e1usulas y condiciones, le recomendamos abstenerse de utilizar este sitio web.<\/p>\n<p class=\"p1\">Es importante destacar que el acceso a este sitio web no implica de ninguna manera el inicio de una relaci\u00f3n comercial con el Titular.<\/p>\n<p class=\"p1\">El Titular de este sitio web brinda acceso y uso de diversos contenidos que han sido publicados a trav\u00e9s de Internet por el Titular mismo o sus colaboradores.<\/p>\n<p class=\"p1\">Como usuario, usted est\u00e1 obligado y se compromete a no utilizar ning\u00fan contenido de este sitio web con fines il\u00edcitos, prohibidos por este Aviso Legal o por la legislaci\u00f3n vigente, que sean perjudiciales para los derechos e intereses de terceros, o que de alguna manera puedan da\u00f1ar, inutilizar, sobrecargar, deteriorar o impedir el uso normal de los contenidos, equipos inform\u00e1ticos, documentos, archivos y cualquier otro tipo de contenido almacenado en los equipos inform\u00e1ticos propios o contratados por el Titular, otros usuarios o cualquier usuario de Internet.<\/p>\n<p class=\"p3\"><b>Medidas de seguridad:<\/b><\/p>\n<p class=\"p1\">Los datos personales que usted proporcione al Titular pueden ser almacenados en bases de datos automatizadas o no, las cuales son exclusivamente propiedad del Titular. Este \u00faltimo asume todas las medidas t\u00e9cnicas, organizativas y de seguridad necesarias para garantizar la confidencialidad, integridad y calidad de la informaci\u00f3n contenida en dichas bases de datos, de acuerdo con la normativa vigente en protecci\u00f3n de datos.<\/p>\n<p class=\"p1\">Sin embargo, es importante tener en cuenta que las medidas de seguridad de los sistemas inform\u00e1ticos en Internet no son completamente infalibles. Por lo tanto, el Titular no puede garantizar la ausencia de virus u otros elementos que puedan causar alteraciones en los sistemas inform\u00e1ticos (tanto en el software como en el hardware) del Usuario, as\u00ed como en sus documentos electr\u00f3nicos y archivos almacenados en los mismos. Aunque el Titular emplea todos los medios necesarios y adopta las medidas de seguridad adecuadas para prevenir la presencia de dichos elementos perjudiciales.<\/p>\n<p class=\"p3\"><b>Datos personales<\/b><\/p>\n<p class=\"p1\">Usted puede consultar toda la informaci\u00f3n relativa al tratamiento de datos personales que recoge el Titular en la p\u00e1gina de la Pol\u00edtica de Privacidad.<\/p>\n<p class=\"p3\"><b>Propiedad intelectual e industrial<\/b><\/p>\n<p class=\"p1\">Todos los derechos est\u00e1n reservados.<\/p>\n<p class=\"p1\">El acceso a este sitio web est\u00e1 sujeto a las siguientes condiciones: queda expresamente prohibida la reproducci\u00f3n, el almacenamiento permanente, la difusi\u00f3n de los contenidos o cualquier otro uso con fines p\u00fablicos o comerciales sin el consentimiento previo, expreso y por escrito del Titular.<\/p>\n<p class=\"p3\"><b>Contacto<\/b><\/p>\n<p class=\"p1\">En caso de que usted tenga cualquier duda acerca de estas Condiciones legales o quiera realizar cualquier comentario sobre este sitio Web, puede enviar un mensaje de correo electr\u00f3nico a la direcci\u00f3n correo electr\u00f3nico: mpalmieri@palmierilex.com<\/p>\n\t\t\t\t\t\t\t\t<\/div>\n\t\t\t\t\t<\/div>\n\t\t<\/div>\n\t\t\t\t\t<\/div>\n\t\t<\/section>\n\t\t\t\t<\/div>\n\t\t","protected":false},"excerpt":{"rendered":"<p>Identificaci\u00f3n y Titularidad En cumplimiento del art\u00edculo 10 de la Ley 34 \/ 2002, de 11 de julio, de Servicios de la Sociedad de la Informaci\u00f3n y Comercio Electr\u00f3nico, el Titular expone sus datos identificativos. Titular: Palmieri studio lex CIF: B64422405 Domicilio:\u00a0 RAMBLA CATALUNYA, 66, 7 B, 08007 BARCELONA Correo electr\u00f3nico: mpalmieri@palmierilex.com Sitio Web URL: [&hellip;]<\/p>\n","protected":false},"author":2,"featured_media":0,"parent":0,"menu_order":0,"comment_status":"closed","ping_status":"closed","template":"elementor_header_footer","meta":{"footnotes":""},"class_list":["post-496","page","type-page","status-publish","hentry"],"yoast_head":"<!-- This site is optimized with the Yoast SEO plugin v24.9 - https:\/\/yoast.com\/wordpress\/plugins\/seo\/ -->\n<title>Aviso legal - Palmieri Studio Lex<\/title>\n<meta name=\"robots\" content=\"index, follow, max-snippet:-1, max-image-preview:large, max-video-preview:-1\" \/>\n<link rel=\"canonical\" href=\"https:\/\/palmierilex.com\/it\/aviso-legal\/\" \/>\n<meta property=\"og:locale\" content=\"it_IT\" \/>\n<meta property=\"og:type\" content=\"article\" \/>\n<meta property=\"og:title\" content=\"Aviso legal - Palmieri Studio Lex\" \/>\n<meta property=\"og:description\" content=\"Identificaci\u00f3n y Titularidad En cumplimiento del art\u00edculo 10 de la Ley 34 \/ 2002, de 11 de julio, de Servicios de la Sociedad de la Informaci\u00f3n y Comercio Electr\u00f3nico, el Titular expone sus datos identificativos. Titular: Palmieri studio lex CIF: B64422405 Domicilio:\u00a0 RAMBLA CATALUNYA, 66, 7 B, 08007 BARCELONA Correo electr\u00f3nico: mpalmieri@palmierilex.com Sitio Web URL: [&hellip;]\" \/>\n<meta property=\"og:url\" content=\"https:\/\/palmierilex.com\/it\/aviso-legal\/\" \/>\n<meta property=\"og:site_name\" content=\"Palmieri Studio Lex\" \/>\n<meta name=\"twitter:card\" content=\"summary_large_image\" \/>\n<meta name=\"twitter:label1\" content=\"Tempo di lettura stimato\" \/>\n\t<meta name=\"twitter:data1\" content=\"3 minuti\" \/>\n<script type=\"application\/ld+json\" class=\"yoast-schema-graph\">{\"@context\":\"https:\/\/schema.org\",\"@graph\":[{\"@type\":\"WebPage\",\"@id\":\"https:\/\/palmierilex.com\/it\/aviso-legal\/\",\"url\":\"https:\/\/palmierilex.com\/it\/aviso-legal\/\",\"name\":\"Aviso legal - Palmieri Studio Lex\",\"isPartOf\":{\"@id\":\"https:\/\/palmierilex.com\/it\/#website\"},\"datePublished\":\"2023-06-13T10:03:45+00:00\",\"breadcrumb\":{\"@id\":\"https:\/\/palmierilex.com\/it\/aviso-legal\/#breadcrumb\"},\"inLanguage\":\"it-IT\",\"potentialAction\":[{\"@type\":\"ReadAction\",\"target\":[\"https:\/\/palmierilex.com\/it\/aviso-legal\/\"]}]},{\"@type\":\"BreadcrumbList\",\"@id\":\"https:\/\/palmierilex.com\/it\/aviso-legal\/#breadcrumb\",\"itemListElement\":[{\"@type\":\"ListItem\",\"position\":1,\"name\":\"Portada\",\"item\":\"https:\/\/palmierilex.com\/it\/home\/\"},{\"@type\":\"ListItem\",\"position\":2,\"name\":\"Aviso legal\"}]},{\"@type\":\"WebSite\",\"@id\":\"https:\/\/palmierilex.com\/it\/#website\",\"url\":\"https:\/\/palmierilex.com\/it\/\",\"name\":\"Palmieri Studio Lex\",\"description\":\"Palmieri abogados\",\"publisher\":{\"@id\":\"https:\/\/palmierilex.com\/it\/#organization\"},\"potentialAction\":[{\"@type\":\"SearchAction\",\"target\":{\"@type\":\"EntryPoint\",\"urlTemplate\":\"https:\/\/palmierilex.com\/it\/?s={search_term_string}\"},\"query-input\":{\"@type\":\"PropertyValueSpecification\",\"valueRequired\":true,\"valueName\":\"search_term_string\"}}],\"inLanguage\":\"it-IT\"},{\"@type\":\"Organization\",\"@id\":\"https:\/\/palmierilex.com\/it\/#organization\",\"name\":\"Palmieri Studio Lex\",\"url\":\"https:\/\/palmierilex.com\/it\/\",\"logo\":{\"@type\":\"ImageObject\",\"inLanguage\":\"it-IT\",\"@id\":\"https:\/\/palmierilex.com\/it\/#\/schema\/logo\/image\/\",\"url\":\"https:\/\/palmierilex.com\/wp-content\/uploads\/2023\/09\/Palmieri_negro.svg\",\"contentUrl\":\"https:\/\/palmierilex.com\/wp-content\/uploads\/2023\/09\/Palmieri_negro.svg\",\"width\":126,\"height\":31,\"caption\":\"Palmieri Studio Lex\"},\"image\":{\"@id\":\"https:\/\/palmierilex.com\/it\/#\/schema\/logo\/image\/\"}}]}<\/script>\n<!-- \/ Yoast SEO plugin. -->","yoast_head_json":{"title":"Aviso legal - Palmieri Studio Lex","robots":{"index":"index","follow":"follow","max-snippet":"max-snippet:-1","max-image-preview":"max-image-preview:large","max-video-preview":"max-video-preview:-1"},"canonical":"https:\/\/palmierilex.com\/it\/aviso-legal\/","og_locale":"it_IT","og_type":"article","og_title":"Aviso legal - Palmieri Studio Lex","og_description":"Identificaci\u00f3n y Titularidad En cumplimiento del art\u00edculo 10 de la Ley 34 \/ 2002, de 11 de julio, de Servicios de la Sociedad de la Informaci\u00f3n y Comercio Electr\u00f3nico, el Titular expone sus datos identificativos. Titular: Palmieri studio lex CIF: B64422405 Domicilio:\u00a0 RAMBLA CATALUNYA, 66, 7 B, 08007 BARCELONA Correo electr\u00f3nico: mpalmieri@palmierilex.com Sitio Web URL: [&hellip;]","og_url":"https:\/\/palmierilex.com\/it\/aviso-legal\/","og_site_name":"Palmieri Studio Lex","twitter_card":"summary_large_image","twitter_misc":{"Tempo di lettura stimato":"3 minuti"},"schema":{"@context":"https:\/\/schema.org","@graph":[{"@type":"WebPage","@id":"https:\/\/palmierilex.com\/it\/aviso-legal\/","url":"https:\/\/palmierilex.com\/it\/aviso-legal\/","name":"Aviso legal - Palmieri Studio Lex","isPartOf":{"@id":"https:\/\/palmierilex.com\/it\/#website"},"datePublished":"2023-06-13T10:03:45+00:00","breadcrumb":{"@id":"https:\/\/palmierilex.com\/it\/aviso-legal\/#breadcrumb"},"inLanguage":"it-IT","potentialAction":[{"@type":"ReadAction","target":["https:\/\/palmierilex.com\/it\/aviso-legal\/"]}]},{"@type":"BreadcrumbList","@id":"https:\/\/palmierilex.com\/it\/aviso-legal\/#breadcrumb","itemListElement":[{"@type":"ListItem","position":1,"name":"Portada","item":"https:\/\/palmierilex.com\/it\/home\/"},{"@type":"ListItem","position":2,"name":"Aviso legal"}]},{"@type":"WebSite","@id":"https:\/\/palmierilex.com\/it\/#website","url":"https:\/\/palmierilex.com\/it\/","name":"Palmieri Studio Lex","description":"Palmieri abogados","publisher":{"@id":"https:\/\/palmierilex.com\/it\/#organization"},"potentialAction":[{"@type":"SearchAction","target":{"@type":"EntryPoint","urlTemplate":"https:\/\/palmierilex.com\/it\/?s={search_term_string}"},"query-input":{"@type":"PropertyValueSpecification","valueRequired":true,"valueName":"search_term_string"}}],"inLanguage":"it-IT"},{"@type":"Organization","@id":"https:\/\/palmierilex.com\/it\/#organization","name":"Palmieri Studio Lex","url":"https:\/\/palmierilex.com\/it\/","logo":{"@type":"ImageObject","inLanguage":"it-IT","@id":"https:\/\/palmierilex.com\/it\/#\/schema\/logo\/image\/","url":"https:\/\/palmierilex.com\/wp-content\/uploads\/2023\/09\/Palmieri_negro.svg","contentUrl":"https:\/\/palmierilex.com\/wp-content\/uploads\/2023\/09\/Palmieri_negro.svg","width":126,"height":31,"caption":"Palmieri Studio Lex"},"image":{"@id":"https:\/\/palmierilex.com\/it\/#\/schema\/logo\/image\/"}}]}},"_links":{"self":[{"href":"https:\/\/palmierilex.com\/it\/wp-json\/wp\/v2\/pages\/496","targetHints":{"allow":["GET"]}}],"collection":[{"href":"https:\/\/palmierilex.com\/it\/wp-json\/wp\/v2\/pages"}],"about":[{"href":"https:\/\/palmierilex.com\/it\/wp-json\/wp\/v2\/types\/page"}],"author":[{"embeddable":true,"href":"https:\/\/palmierilex.com\/it\/wp-json\/wp\/v2\/users\/2"}],"replies":[{"embeddable":true,"href":"https:\/\/palmierilex.com\/it\/wp-json\/wp\/v2\/comments?post=496"}],"version-history":[{"count":0,"href":"https:\/\/palmierilex.com\/it\/wp-json\/wp\/v2\/pages\/496\/revisions"}],"wp:attachment":[{"href":"https:\/\/palmierilex.com\/it\/wp-json\/wp\/v2\/media?parent=496"}],"curies":[{"name":"wp","href":"https:\/\/api.w.org\/{rel}","templated":true}]}}